{"id":9600,"date":"2025-12-19T13:14:09","date_gmt":"2025-12-19T13:14:09","guid":{"rendered":"https:\/\/livenow.one\/?page_id=9600"},"modified":"2025-12-19T13:17:47","modified_gmt":"2025-12-19T13:17:47","slug":"contact","status":"publish","type":"page","link":"https:\/\/livenow.one\/vi\/contact\/","title":{"rendered":"Contact"},"content":{"rendered":"\t\t<div data-elementor-type=\"wp-page\" data-elementor-id=\"9600\" class=\"elementor elementor-9600\">\n\t\t\t\t\t\t\t\t\t<section class=\"elementor-section elementor-top-section elementor-element elementor-element-154ba2a elementor-section-boxed elementor-section-height-default elementor-section-height-default\" data-id=\"154ba2a\" data-element_type=\"section\">\n\t\t\t\t\t\t<div class=\"elementor-container elementor-column-gap-default\">\n\t\t\t\t\t<div class=\"elementor-column elementor-col-100 elementor-top-column elementor-element elementor-element-babc9cc\" data-id=\"babc9cc\" data-element_type=\"column\">\n\t\t\t<div class=\"elementor-widget-wrap elementor-element-populated\">\n\t\t\t\t\t\t\t\t<section class=\"elementor-section elementor-inner-section elementor-element elementor-element-3a31d52 elementor-section-boxed elementor-section-height-default elementor-section-height-default\" data-id=\"3a31d52\" data-element_type=\"section\">\n\t\t\t\t\t\t<div class=\"elementor-container elementor-column-gap-default\">\n\t\t\t\t\t<div class=\"elementor-column elementor-col-33 elementor-inner-column elementor-element elementor-element-80024a0\" data-id=\"80024a0\" data-element_type=\"column\">\n\t\t\t<div class=\"elementor-widget-wrap elementor-element-populated\">\n\t\t\t\t\t\t\t\t<div class=\"elementor-element elementor-element-47a86b7 elementor-widget elementor-widget-tt-icon-box\" data-id=\"47a86b7\" data-element_type=\"widget\" data-widget_type=\"tt-icon-box.default\">\n\t\t\t\t<div class=\"elementor-widget-container\">\n\t\t\t<div class=\"tt-icon-box style-seven with-image \">\r\n                        <div class=\"icon-container\">\r\n                                    <i aria-hidden=\"true\" class=\"far fa-envelope\"><\/i>                            <\/div>\r\n\t\t\r\n    \r\n        <!-- \/.icon-container -->\r\n\r\n    <div class=\"box-content\">\r\n                    <h4 class=\"box-title\">\r\n                    \r\n                    G\u1eedi Email Cho Ch\u00fang T\u00f4i                  \r\n            <\/h4>\r\n                \r\n                    <p class=\"description\">\r\n                B\u1eaft \u0111\u1ea7u trao \u0111\u1ed5i v\u1edbi \u0111\u1ed9i ng\u0169 h\u1ed7 tr\u1ee3 c\u1ee7a ch\u00fang t\u00f4i qua email\nsupport@nabiapp.com            <\/p>\r\n            <\/div>\r\n\r\n<\/div>\r\n<!-- \/.dt-icon-box -->\t\t<\/div>\n\t\t\t\t<\/div>\n\t\t\t\t\t<\/div>\n\t\t<\/div>\n\t\t\t\t<div class=\"elementor-column elementor-col-33 elementor-inner-column elementor-element elementor-element-8efdb47\" data-id=\"8efdb47\" data-element_type=\"column\">\n\t\t\t<div class=\"elementor-widget-wrap elementor-element-populated\">\n\t\t\t\t\t\t\t\t<div class=\"elementor-element elementor-element-901bc13 elementor-widget elementor-widget-tt-icon-box\" data-id=\"901bc13\" data-element_type=\"widget\" data-widget_type=\"tt-icon-box.default\">\n\t\t\t\t<div class=\"elementor-widget-container\">\n\t\t\t<div class=\"tt-icon-box style-seven with-image \">\r\n                        <div class=\"icon-container\">\r\n                                    <i aria-hidden=\"true\" class=\"fas fa-headset\"><\/i>                            <\/div>\r\n\t\t\r\n    \r\n        <!-- \/.icon-container -->\r\n\r\n    <div class=\"box-content\">\r\n                    <h4 class=\"box-title\">\r\n                    \r\n                    L\u00e0m Vi\u1ec7c 24\/7                  \r\n            <\/h4>\r\n                \r\n                    <p class=\"description\">\r\n                Ch\u00fang t\u00f4i c\u1ed1 g\u1eafng ph\u1ea3n h\u1ed3i t\u1ea5t c\u1ea3 c\u00e1c y\u00eau c\u1ea7u trong v\u00f2ng 24 gi\u1edd v\u00e0o c\u00e1c ng\u00e0y l\u00e0m vi\u1ec7c.            <\/p>\r\n            <\/div>\r\n\r\n<\/div>\r\n<!-- \/.dt-icon-box -->\t\t<\/div>\n\t\t\t\t<\/div>\n\t\t\t\t\t<\/div>\n\t\t<\/div>\n\t\t\t\t<div class=\"elementor-column elementor-col-33 elementor-inner-column elementor-element elementor-element-e10530b\" data-id=\"e10530b\" data-element_type=\"column\">\n\t\t\t<div class=\"elementor-widget-wrap elementor-element-populated\">\n\t\t\t\t\t\t\t\t<div class=\"elementor-element elementor-element-2e33f46 elementor-widget elementor-widget-tt-icon-box\" data-id=\"2e33f46\" data-element_type=\"widget\" data-widget_type=\"tt-icon-box.default\">\n\t\t\t\t<div class=\"elementor-widget-container\">\n\t\t\t<div class=\"tt-icon-box style-seven with-image \">\r\n                        <div class=\"icon-container\">\r\n                                    <i aria-hidden=\"true\" class=\"fas fa-map-marker-alt\"><\/i>                            <\/div>\r\n\t\t\r\n    \r\n        <!-- \/.icon-container -->\r\n\r\n    <div class=\"box-content\">\r\n                    <h4 class=\"box-title\">\r\n                    \r\n                    \u0110\u1ecba Ch\u1ec9 V\u0103n Ph\u00f2ng                  \r\n            <\/h4>\r\n                \r\n                    <p class=\"description\">\r\n                90 Nguy\u1ec5n \u0110\u00ecnh Chi\u1ec3u, Ph\u01b0\u1eddng \u0110a Kao, Qu\u1eadn 1, Th\u00e0nh ph\u1ed1 H\u1ed3 Ch\u00ed Minh            <\/p>\r\n            <\/div>\r\n\r\n<\/div>\r\n<!-- \/.dt-icon-box -->\t\t<\/div>\n\t\t\t\t<\/div>\n\t\t\t\t\t<\/div>\n\t\t<\/div>\n\t\t\t\t\t\t\t<\/div>\n\t\t<\/section>\n\t\t\t\t\t<\/div>\n\t\t<\/div>\n\t\t\t\t\t\t\t<\/div>\n\t\t<\/section>\n\t\t\t\t<section class=\"elementor-section elementor-top-section elementor-element elementor-element-f38f140 elementor-section-content-middle elementor-section-boxed elementor-section-height-default elementor-section-height-default\" data-id=\"f38f140\" data-element_type=\"section\">\n\t\t\t\t\t\t<div class=\"elementor-container elementor-column-gap-default\">\n\t\t\t\t\t<div class=\"elementor-column elementor-col-100 elementor-top-column elementor-element elementor-element-2e65fa0\" data-id=\"2e65fa0\" data-element_type=\"column\">\n\t\t\t<div class=\"elementor-widget-wrap elementor-element-populated\">\n\t\t\t\t\t\t\t\t<div class=\"elementor-element elementor-element-8e3c9d3 elementor-widget elementor-widget-apdash-heading\" data-id=\"8e3c9d3\" data-element_type=\"widget\" data-widget_type=\"apdash-heading.default\">\n\t\t\t\t<div class=\"elementor-widget-container\">\n\t\t\t\r\n        <div class=\"section-heading\">\r\n\r\n\t\t\t                <h2 class=\"section-title wow fadeInUp\" data-wow-delay=\"0.3s\"><span style=\"font-family: var( --e-global-typography-primary-font-family ), Sans-serif; font-size: 39px; font-weight: var( --e-global-typography-primary-font-weight );\">Li\u00ean H\u1ec7 V\u1edbi Ch\u00fang T\u00f4i!<\/span><\/h2>\r\n\t\t\t\r\n\t\t\t                <div class=\"description wow fadeInUp\" data-wow-delay=\"0.5s\">B\u1ea1n c\u00f3 c\u00e2u h\u1ecfi ho\u1eb7c c\u1ea7n h\u1ed7 tr\u1ee3?\nH\u00e3y g\u1eedi email cho ch\u00fang t\u00f4i ho\u1eb7c gh\u00e9 th\u0103m v\u0103n ph\u00f2ng b\u1ea5t c\u1ee9 l\u00fac n\u00e0o. Ch\u00fang t\u00f4i c\u1ed1 g\u1eafng ph\u1ea3n h\u1ed3i t\u1ea5t c\u1ea3 c\u00e1c y\u00eau c\u1ea7u trong v\u00f2ng 24 gi\u1edd v\u00e0o c\u00e1c ng\u00e0y l\u00e0m vi\u1ec7c.<\/div>\r\n\t\t\t        <\/div>\r\n\r\n\t\t\t\t<\/div>\n\t\t\t\t<\/div>\n\t\t\t\t<div class=\"elementor-element elementor-element-0db4df7 elementor-widget elementor-widget-tt-button\" data-id=\"0db4df7\" data-element_type=\"widget\" data-widget_type=\"tt-button.default\">\n\t\t\t\t<div class=\"elementor-widget-container\">\n\t\t\t        <div class=\"tt-btn-wrapper\">\r\n            <a href=\"#map\" class=\"tt-btn-link tt-btn btn-round btn-md btn-outline\">\r\n\t\t\t\t        <span class=\"tt-btn-content-wrapper\">\r\n\t\t\t\t\t\t<span class=\"tt-btn-text\">Ch\u1ec9 \u0110\u01b0\u1eddng<\/span>\r\n\t\t<\/span>\r\n\t\t            <\/a>\r\n        <\/div>\r\n\t\t\t\t<\/div>\n\t\t\t\t<\/div>\n\t\t\t\t<div class=\"elementor-element elementor-element-9b6c914 elementor-widget-divider--view-line elementor-widget elementor-widget-divider\" data-id=\"9b6c914\" data-element_type=\"widget\" data-widget_type=\"divider.default\">\n\t\t\t\t<div class=\"elementor-widget-container\">\n\t\t\t\t\t<div class=\"elementor-divider\">\n\t\t\t<span class=\"elementor-divider-separator\">\n\t\t\t\t\t\t<\/span>\n\t\t<\/div>\n\t\t\t\t<\/div>\n\t\t\t\t<\/div>\n\t\t\t\t<div class=\"elementor-element elementor-element-e84a5de elementor-widget elementor-widget-tt-icon-box\" data-id=\"e84a5de\" data-element_type=\"widget\" data-widget_type=\"tt-icon-box.default\">\n\t\t\t\t<div class=\"elementor-widget-container\">\n\t\t\t<div class=\"tt-icon-box style-six with-image \">\r\n                        <div class=\"icon-container\">\r\n                                    <i aria-hidden=\"true\" class=\"fas fa-location-arrow\"><\/i>                            <\/div>\r\n\t\t\r\n    \r\n        <!-- \/.icon-container -->\r\n\r\n    <div class=\"box-content\">\r\n                    <h4 class=\"box-title\">\r\n                                    \u0110\u1ecba Ch\u1ec9 V\u0103n Ph\u00f2ng                            <\/h4>\r\n        \r\n                    <p class=\"description\">\r\n                90 Nguy\u1ec5n \u0110\u00ecnh Chi\u1ec3u, Ph\u01b0\u1eddng \u0110a Kao, Qu\u1eadn 1, Th\u00e0nh ph\u1ed1 H\u1ed3 Ch\u00ed Minh            <\/p>\r\n            <\/div>\r\n\r\n<\/div>\r\n<!-- \/.dt-icon-box -->\t\t<\/div>\n\t\t\t\t<\/div>\n\t\t\t\t<div class=\"elementor-element elementor-element-5b255e4 elementor-widget elementor-widget-tt-icon-box\" data-id=\"5b255e4\" data-element_type=\"widget\" data-widget_type=\"tt-icon-box.default\">\n\t\t\t\t<div class=\"elementor-widget-container\">\n\t\t\t<div class=\"tt-icon-box style-six with-image \">\r\n                        <div class=\"icon-container\">\r\n                                    <i aria-hidden=\"true\" class=\"fas fa-envelope\"><\/i>                            <\/div>\r\n\t\t\r\n    \r\n        <!-- \/.icon-container -->\r\n\r\n    <div class=\"box-content\">\r\n                    <h4 class=\"box-title\">\r\n                                    \u0110\u1ecba Ch\u1ec9 Email                            <\/h4>\r\n        \r\n                    <p class=\"description\">\r\n                support@nabiapp.com            <\/p>\r\n            <\/div>\r\n\r\n<\/div>\r\n<!-- \/.dt-icon-box -->\t\t<\/div>\n\t\t\t\t<\/div>\n\t\t\t\t\t<\/div>\n\t\t<\/div>\n\t\t\t\t\t\t\t<\/div>\n\t\t<\/section>\n\t\t\t\t<section class=\"elementor-section elementor-top-section elementor-element elementor-element-6e72aa7 elementor-section-boxed elementor-section-height-default elementor-section-height-default\" data-id=\"6e72aa7\" data-element_type=\"section\">\n\t\t\t\t\t\t<div class=\"elementor-container elementor-column-gap-default\">\n\t\t\t\t\t<div class=\"elementor-column elementor-col-100 elementor-top-column elementor-element elementor-element-c42e4d2\" data-id=\"c42e4d2\" data-element_type=\"column\">\n\t\t\t<div class=\"elementor-widget-wrap elementor-element-populated\">\n\t\t\t\t\t\t\t\t<div class=\"elementor-element elementor-element-ab4ecc0 elementor-widget elementor-widget-google_maps\" data-id=\"ab4ecc0\" data-element_type=\"widget\" data-widget_type=\"google_maps.default\">\n\t\t\t\t<div class=\"elementor-widget-container\">\n\t\t\t\t\t<div class=\"elementor-custom-embed\">\n\t\t\t<iframe frameborder=\"0\" scrolling=\"no\" marginheight=\"0\" marginwidth=\"0\"\n\t\t\t\t\tsrc=\"https:\/\/maps.google.com\/maps?q=90%20Nguy%E1%BB%85n%20%C4%90%C3%ACnh%20Chi%E1%BB%83u%2C%20%C4%90a%20Kao%2C%20Qu%E1%BA%ADn%201%2C%20Th%C3%A0nh%20ph%E1%BB%91%20H%E1%BB%93%20Ch%C3%AD%20Minh%2C%20Vi%E1%BB%87t%20Nam&#038;t=m&#038;z=11&#038;output=embed&#038;iwloc=near\"\n\t\t\t\t\ttitle=\"90 Nguy\u1ec5n \u0110\u00ecnh Chi\u1ec3u, \u0110a Kao, Qu\u1eadn 1, Th\u00e0nh ph\u1ed1 H\u1ed3 Ch\u00ed Minh, Vi\u1ec7t Nam\"\n\t\t\t\t\taria-label=\"90 Nguy\u1ec5n \u0110\u00ecnh Chi\u1ec3u, \u0110a Kao, Qu\u1eadn 1, Th\u00e0nh ph\u1ed1 H\u1ed3 Ch\u00ed Minh, Vi\u1ec7t Nam\"\n\t\t\t><\/iframe>\n\t\t<\/div>\n\t\t\t\t<\/div>\n\t\t\t\t<\/div>\n\t\t\t\t\t<\/div>\n\t\t<\/div>\n\t\t\t\t\t\t\t<\/div>\n\t\t<\/section>\n\t\t\t\t\t\t\t<\/div>\n\t\t","protected":false},"excerpt":{"rendered":"<p>G\u1eedi Email Cho Ch\u00fang T\u00f4i B\u1eaft \u0111\u1ea7u trao \u0111\u1ed5i v\u1edbi \u0111\u1ed9i ng\u0169 h\u1ed7 tr\u1ee3 c\u1ee7a ch\u00fang t\u00f4i qua email support@nabiapp.com L\u00e0m Vi\u1ec7c 24\/7 Ch\u00fang t\u00f4i c\u1ed1 g\u1eafng ph\u1ea3n h\u1ed3i t\u1ea5t c\u1ea3 c\u00e1c y\u00eau c\u1ea7u trong v\u00f2ng 24 gi\u1edd v\u00e0o c\u00e1c ng\u00e0y l\u00e0m vi\u1ec7c. \u0110\u1ecba Ch\u1ec9 V\u0103n Ph\u00f2ng 90 Nguy\u1ec5n \u0110\u00ecnh Chi\u1ec3u, Ph\u01b0\u1eddng \u0110a Kao, Qu\u1eadn [&hellip;]<\/p>\n","protected":false},"author":1,"featured_media":0,"parent":0,"menu_order":0,"comment_status":"closed","ping_status":"closed","template":"elementor_header_footer","meta":{"footnotes":""},"yoast_head":"<!-- This site is optimized with the Yoast SEO plugin v20.12 - https:\/\/yoast.com\/wordpress\/plugins\/seo\/ -->\n<title>Li\u00ean H\u1ec7 H\u1ed7 Tr\u1ee3 Live Now | Tr\u1ee3 Gi\u00fap &amp; H\u1ed7 Tr\u1ee3 K\u1ef9 Thu\u1eadt<\/title>\n<meta name=\"description\" content=\"B\u1ea1n g\u1eb7p kh\u00f3 kh\u0103n khi s\u1eed d\u1ee5ng Live Now? Li\u00ean h\u1ec7 \u0111\u1ed9i ng\u0169 h\u1ed7 tr\u1ee3 c\u1ee7a ch\u00fang t\u00f4i \u0111\u1ec3 \u0111\u01b0\u1ee3c tr\u1ee3 gi\u00fap v\u1ec1 k\u1ef9 thu\u1eadt, t\u00ednh n\u0103ng ho\u1eb7c t\u00e0i kho\u1ea3n.\" \/>\n<meta name=\"robots\" content=\"index, follow, max-snippet:-1, max-image-preview:large, max-video-preview:-1\" \/>\n<link rel=\"canonical\" href=\"https:\/\/livenow.one\/vi\/contact\/\" \/>\n<meta property=\"og:locale\" content=\"vi_VN\" \/>\n<meta property=\"og:type\" content=\"article\" \/>\n<meta property=\"og:title\" content=\"Li\u00ean H\u1ec7 H\u1ed7 Tr\u1ee3 Live Now | Tr\u1ee3 Gi\u00fap &amp; H\u1ed7 Tr\u1ee3 K\u1ef9 Thu\u1eadt\" \/>\n<meta property=\"og:description\" content=\"B\u1ea1n g\u1eb7p kh\u00f3 kh\u0103n khi s\u1eed d\u1ee5ng Live Now? Li\u00ean h\u1ec7 \u0111\u1ed9i ng\u0169 h\u1ed7 tr\u1ee3 c\u1ee7a ch\u00fang t\u00f4i \u0111\u1ec3 \u0111\u01b0\u1ee3c tr\u1ee3 gi\u00fap v\u1ec1 k\u1ef9 thu\u1eadt, t\u00ednh n\u0103ng ho\u1eb7c t\u00e0i kho\u1ea3n.\" \/>\n<meta property=\"og:url\" content=\"https:\/\/livenow.one\/vi\/contact\/\" \/>\n<meta property=\"og:site_name\" content=\"Live Now \u2013 Live Stream for Gameplay &amp; Sports\" \/>\n<meta property=\"article:modified_time\" content=\"2025-12-19T13:17:47+00:00\" \/>\n<meta name=\"twitter:card\" content=\"summary_large_image\" \/>\n<meta name=\"twitter:label1\" content=\"Est. reading time\" \/>\n\t<meta name=\"twitter:data1\" content=\"1 minute\" \/>\n<script type=\"application\/ld+json\" class=\"yoast-schema-graph\">{\"@context\":\"https:\/\/schema.org\",\"@graph\":[{\"@type\":\"WebPage\",\"@id\":\"https:\/\/livenow.one\/vi\/contact\/\",\"url\":\"https:\/\/livenow.one\/vi\/contact\/\",\"name\":\"Li\u00ean H\u1ec7 H\u1ed7 Tr\u1ee3 Live Now | Tr\u1ee3 Gi\u00fap & H\u1ed7 Tr\u1ee3 K\u1ef9 Thu\u1eadt\",\"isPartOf\":{\"@id\":\"https:\/\/livenow.one\/#website\"},\"datePublished\":\"2025-12-19T13:14:09+00:00\",\"dateModified\":\"2025-12-19T13:17:47+00:00\",\"description\":\"B\u1ea1n g\u1eb7p kh\u00f3 kh\u0103n khi s\u1eed d\u1ee5ng Live Now? Li\u00ean h\u1ec7 \u0111\u1ed9i ng\u0169 h\u1ed7 tr\u1ee3 c\u1ee7a ch\u00fang t\u00f4i \u0111\u1ec3 \u0111\u01b0\u1ee3c tr\u1ee3 gi\u00fap v\u1ec1 k\u1ef9 thu\u1eadt, t\u00ednh n\u0103ng ho\u1eb7c t\u00e0i kho\u1ea3n.\",\"breadcrumb\":{\"@id\":\"https:\/\/livenow.one\/vi\/contact\/#breadcrumb\"},\"inLanguage\":\"vi-VN\",\"potentialAction\":[{\"@type\":\"ReadAction\",\"target\":[\"https:\/\/livenow.one\/vi\/contact\/\"]}]},{\"@type\":\"BreadcrumbList\",\"@id\":\"https:\/\/livenow.one\/vi\/contact\/#breadcrumb\",\"itemListElement\":[{\"@type\":\"ListItem\",\"position\":1,\"name\":\"Home\",\"item\":\"https:\/\/livenow.one\/pt-br\/\"},{\"@type\":\"ListItem\",\"position\":2,\"name\":\"Contact\"}]},{\"@type\":\"WebSite\",\"@id\":\"https:\/\/livenow.one\/#website\",\"url\":\"https:\/\/livenow.one\/\",\"name\":\"Live Now \u2013 Live Stream for Gameplay &amp; Sports\",\"description\":\"\",\"publisher\":{\"@id\":\"https:\/\/livenow.one\/#organization\"},\"potentialAction\":[{\"@type\":\"SearchAction\",\"target\":{\"@type\":\"EntryPoint\",\"urlTemplate\":\"https:\/\/livenow.one\/?s={search_term_string}\"},\"query-input\":\"required name=search_term_string\"}],\"inLanguage\":\"vi-VN\"},{\"@type\":\"Organization\",\"@id\":\"https:\/\/livenow.one\/#organization\",\"name\":\"Live Now\",\"url\":\"https:\/\/livenow.one\/\",\"logo\":{\"@type\":\"ImageObject\",\"inLanguage\":\"vi-VN\",\"@id\":\"https:\/\/livenow.one\/#\/schema\/logo\/image\/\",\"url\":\"https:\/\/livenow.one\/wp-content\/uploads\/2021\/03\/cropped-Live-Now-png-1.png\",\"contentUrl\":\"https:\/\/livenow.one\/wp-content\/uploads\/2021\/03\/cropped-Live-Now-png-1.png\",\"width\":512,\"height\":512,\"caption\":\"Live Now\"},\"image\":{\"@id\":\"https:\/\/livenow.one\/#\/schema\/logo\/image\/\"}}]}<\/script>\n<!-- \/ Yoast SEO plugin. -->","yoast_head_json":{"title":"Li\u00ean H\u1ec7 H\u1ed7 Tr\u1ee3 Live Now | Tr\u1ee3 Gi\u00fap & H\u1ed7 Tr\u1ee3 K\u1ef9 Thu\u1eadt","description":"B\u1ea1n g\u1eb7p kh\u00f3 kh\u0103n khi s\u1eed d\u1ee5ng Live Now? Li\u00ean h\u1ec7 \u0111\u1ed9i ng\u0169 h\u1ed7 tr\u1ee3 c\u1ee7a ch\u00fang t\u00f4i \u0111\u1ec3 \u0111\u01b0\u1ee3c tr\u1ee3 gi\u00fap v\u1ec1 k\u1ef9 thu\u1eadt, t\u00ednh n\u0103ng ho\u1eb7c t\u00e0i kho\u1ea3n.","robots":{"index":"index","follow":"follow","max-snippet":"max-snippet:-1","max-image-preview":"max-image-preview:large","max-video-preview":"max-video-preview:-1"},"canonical":"https:\/\/livenow.one\/vi\/contact\/","og_locale":"vi_VN","og_type":"article","og_title":"Li\u00ean H\u1ec7 H\u1ed7 Tr\u1ee3 Live Now | Tr\u1ee3 Gi\u00fap & H\u1ed7 Tr\u1ee3 K\u1ef9 Thu\u1eadt","og_description":"B\u1ea1n g\u1eb7p kh\u00f3 kh\u0103n khi s\u1eed d\u1ee5ng Live Now? Li\u00ean h\u1ec7 \u0111\u1ed9i ng\u0169 h\u1ed7 tr\u1ee3 c\u1ee7a ch\u00fang t\u00f4i \u0111\u1ec3 \u0111\u01b0\u1ee3c tr\u1ee3 gi\u00fap v\u1ec1 k\u1ef9 thu\u1eadt, t\u00ednh n\u0103ng ho\u1eb7c t\u00e0i kho\u1ea3n.","og_url":"https:\/\/livenow.one\/vi\/contact\/","og_site_name":"Live Now \u2013 Live Stream for Gameplay &amp; Sports","article_modified_time":"2025-12-19T13:17:47+00:00","twitter_card":"summary_large_image","twitter_misc":{"Est. reading time":"1 minute"},"schema":{"@context":"https:\/\/schema.org","@graph":[{"@type":"WebPage","@id":"https:\/\/livenow.one\/vi\/contact\/","url":"https:\/\/livenow.one\/vi\/contact\/","name":"Li\u00ean H\u1ec7 H\u1ed7 Tr\u1ee3 Live Now | Tr\u1ee3 Gi\u00fap & H\u1ed7 Tr\u1ee3 K\u1ef9 Thu\u1eadt","isPartOf":{"@id":"https:\/\/livenow.one\/#website"},"datePublished":"2025-12-19T13:14:09+00:00","dateModified":"2025-12-19T13:17:47+00:00","description":"B\u1ea1n g\u1eb7p kh\u00f3 kh\u0103n khi s\u1eed d\u1ee5ng Live Now? Li\u00ean h\u1ec7 \u0111\u1ed9i ng\u0169 h\u1ed7 tr\u1ee3 c\u1ee7a ch\u00fang t\u00f4i \u0111\u1ec3 \u0111\u01b0\u1ee3c tr\u1ee3 gi\u00fap v\u1ec1 k\u1ef9 thu\u1eadt, t\u00ednh n\u0103ng ho\u1eb7c t\u00e0i kho\u1ea3n.","breadcrumb":{"@id":"https:\/\/livenow.one\/vi\/contact\/#breadcrumb"},"inLanguage":"vi-VN","potentialAction":[{"@type":"ReadAction","target":["https:\/\/livenow.one\/vi\/contact\/"]}]},{"@type":"BreadcrumbList","@id":"https:\/\/livenow.one\/vi\/contact\/#breadcrumb","itemListElement":[{"@type":"ListItem","position":1,"name":"Home","item":"https:\/\/livenow.one\/pt-br\/"},{"@type":"ListItem","position":2,"name":"Contact"}]},{"@type":"WebSite","@id":"https:\/\/livenow.one\/#website","url":"https:\/\/livenow.one\/","name":"Live Now \u2013 Live Stream for Gameplay &amp; Sports","description":"","publisher":{"@id":"https:\/\/livenow.one\/#organization"},"potentialAction":[{"@type":"SearchAction","target":{"@type":"EntryPoint","urlTemplate":"https:\/\/livenow.one\/?s={search_term_string}"},"query-input":"required name=search_term_string"}],"inLanguage":"vi-VN"},{"@type":"Organization","@id":"https:\/\/livenow.one\/#organization","name":"Live Now","url":"https:\/\/livenow.one\/","logo":{"@type":"ImageObject","inLanguage":"vi-VN","@id":"https:\/\/livenow.one\/#\/schema\/logo\/image\/","url":"https:\/\/livenow.one\/wp-content\/uploads\/2021\/03\/cropped-Live-Now-png-1.png","contentUrl":"https:\/\/livenow.one\/wp-content\/uploads\/2021\/03\/cropped-Live-Now-png-1.png","width":512,"height":512,"caption":"Live Now"},"image":{"@id":"https:\/\/livenow.one\/#\/schema\/logo\/image\/"}}]}},"_links":{"self":[{"href":"https:\/\/livenow.one\/vi\/wp-json\/wp\/v2\/pages\/9600"}],"collection":[{"href":"https:\/\/livenow.one\/vi\/wp-json\/wp\/v2\/pages"}],"about":[{"href":"https:\/\/livenow.one\/vi\/wp-json\/wp\/v2\/types\/page"}],"author":[{"embeddable":true,"href":"https:\/\/livenow.one\/vi\/wp-json\/wp\/v2\/users\/1"}],"replies":[{"embeddable":true,"href":"https:\/\/livenow.one\/vi\/wp-json\/wp\/v2\/comments?post=9600"}],"version-history":[{"count":3,"href":"https:\/\/livenow.one\/vi\/wp-json\/wp\/v2\/pages\/9600\/revisions"}],"predecessor-version":[{"id":9607,"href":"https:\/\/livenow.one\/vi\/wp-json\/wp\/v2\/pages\/9600\/revisions\/9607"}],"wp:attachment":[{"href":"https:\/\/livenow.one\/vi\/wp-json\/wp\/v2\/media?parent=9600"}],"curies":[{"name":"wp","href":"https:\/\/api.w.org\/{rel}","templated":true}]}}