{"id":9382,"date":"2025-12-16T14:08:10","date_gmt":"2025-12-16T14:08:10","guid":{"rendered":"https:\/\/livenow.one\/?page_id=9382"},"modified":"2025-12-16T14:28:45","modified_gmt":"2025-12-16T14:28:45","slug":"about","status":"publish","type":"page","link":"https:\/\/livenow.one\/vi\/about\/","title":{"rendered":"About"},"content":{"rendered":"\t\t<div data-elementor-type=\"wp-page\" data-elementor-id=\"9382\" class=\"elementor elementor-9382\">\n\t\t\t\t\t\t\t\t\t<section class=\"elementor-section elementor-top-section elementor-element elementor-element-69cf427 elementor-section-content-middle elementor-section-boxed elementor-section-height-default elementor-section-height-default\" data-id=\"69cf427\" data-element_type=\"section\">\n\t\t\t\t\t\t<div class=\"elementor-container elementor-column-gap-default\">\n\t\t\t\t\t<div class=\"elementor-column elementor-col-100 elementor-top-column elementor-element elementor-element-0f9c63a\" data-id=\"0f9c63a\" data-element_type=\"column\">\n\t\t\t<div class=\"elementor-widget-wrap elementor-element-populated\">\n\t\t\t\t\t\t\t\t<div class=\"elementor-element elementor-element-a826ae0 elementor-widget elementor-widget-apdash-heading\" data-id=\"a826ae0\" data-element_type=\"widget\" data-widget_type=\"apdash-heading.default\">\n\t\t\t\t<div class=\"elementor-widget-container\">\n\t\t\t\r\n        <div class=\"section-heading\">\r\n\r\n\t\t\t                <h2 class=\"section-title wow fadeInUp\" data-wow-delay=\"0.3s\">Gi\u1edbi thi\u1ec7u Live Now\n<\/h2>\r\n\t\t\t\r\n\t\t\t                <div class=\"description wow fadeInUp\" data-wow-delay=\"0.5s\"><h2 data-wow-delay=\"0.3s\"><span style=\"font-size: 18px; font-weight: normal;\">Live Now l\u00e0 \u1ee9ng d\u1ee5ng live stream \u0111a n\u0103ng tr\u00ean thi\u1ebft b\u1ecb di \u0111\u1ed9ng, \u0111\u01b0\u1ee3c x\u00e2y d\u1ef1ng d\u00e0nh cho streamer game, b\u00ecnh lu\u1eadn vi\u00ean th\u1ec3 thao v\u00e0 c\u00e1c nh\u00e0 s\u00e1ng t\u1ea1o n\u1ed9i dung tr\u00ean mobile. V\u1edbi Live Now, b\u1ea1n c\u00f3 th\u1ec3 live stream game di \u0111\u1ed9ng, ph\u00e1t tr\u1ef1c ti\u1ebfp c\u00e1c tr\u1eadn \u0111\u1ea5u th\u1ec3 thao v\u1edbi b\u1ea3ng \u0111i\u1ec3m chuy\u00ean nghi\u1ec7p v\u00e0 chia s\u1ebb n\u1ed9i dung ch\u1ea5t l\u01b0\u1ee3ng cao tr\u1ef1c ti\u1ebfp t\u1eeb \u0111i\u1ec7n tho\u1ea1i l\u00ean nhi\u1ec1u n\u1ec1n t\u1ea3ng c\u00f9ng l\u00fac \u2013 kh\u00f4ng c\u1ea7n PC, kh\u00f4ng c\u1ea7n ph\u1ee5 ki\u1ec7n v\u00e0 kh\u00f4ng c\u1ea7n thi\u1ebft l\u1eadp ph\u1ee9c t\u1ea1p.<\/span><\/h2><h2>S\u1ee9 m\u1ec7nh c\u1ee7a ch\u00fang t\u00f4i<\/h2>\nS\u1ee9 m\u1ec7nh c\u1ee7a Live Now l\u00e0 gi\u00fap vi\u1ec7c live stream chuy\u00ean nghi\u1ec7p tr\u1edf n\u00ean \u0111\u01a1n gi\u1ea3n v\u00e0 d\u1ec5 ti\u1ebfp c\u1eadn v\u1edbi t\u1ea5t c\u1ea3 m\u1ecdi ng\u01b0\u1eddi. Ch\u00fang t\u00f4i tin r\u1eb1ng c\u00e1c nh\u00e0 s\u00e1ng t\u1ea1o n\u00ean c\u00f3 th\u1ec3 ph\u00e1t tr\u1ef1c ti\u1ebfp n\u1ed9i dung ch\u1ea5t l\u01b0\u1ee3ng cao ch\u1ec9 v\u1edbi thi\u1ebft b\u1ecb di \u0111\u1ed9ng, m\u00e0 kh\u00f4ng c\u1ea7n ph\u1ee5 thu\u1ed9c v\u00e0o ph\u1ea7n c\u1ee9ng b\u1ed5 sung hay ph\u1ea7n m\u1ec1m ph\u1ee9c t\u1ea1p.<br>\n<h2>Live Now mang \u0111\u1ebfn \u0111i\u1ec1u g\u00ec<\/h2>\nLive Now t\u00edch h\u1ee3p c\u00e1c c\u00f4ng c\u1ee5 livestream m\u1ea1nh m\u1ebd v\u00e0o m\u1ed9t \u1ee9ng d\u1ee5ng di \u0111\u1ed9ng duy nh\u1ea5t, k\u1ebft h\u1ee3p livestream game, ph\u00e1t s\u00f3ng th\u1ec3 thao, quay m\u00e0n h\u00ecnh, overlay v\u00e0 multistream.\n<ul>\n \t<li><b>Livestream game di \u0111\u1ed9ng:<\/b> Ph\u00e1t tr\u1ef1c ti\u1ebfp c\u00e1c t\u1ef1a game di \u0111\u1ed9ng ph\u1ed5 bi\u1ebfn v\u1edbi hi\u1ec7u n\u0103ng \u1ed5n \u0111\u1ecbnh v\u00e0 h\u00ecnh \u1ea3nh ch\u1ea5t l\u01b0\u1ee3ng cao.<\/li>\n \t<li><b>Ph\u00e1t s\u00f3ng th\u1ec3 thao:<\/b> Live stream b\u00f3ng \u0111\u00e1, b\u00f3ng r\u1ed5, tennis, bida v\u00e0 nhi\u1ec1u m\u00f4n th\u1ec3 thao kh\u00e1c v\u1edbi b\u1ea3ng \u0111i\u1ec3m theo th\u1eddi gian th\u1ef1c, c\u00f3 th\u1ec3 tu\u1ef3 ch\u1ec9nh ri\u00eang cho t\u1eebng m\u00f4n.<\/li>\n \t<li><b>Quay v\u00e0 ph\u00e1t m\u00e0n h\u00ecnh:<\/b> Quay ho\u1eb7c livestream game, video h\u01b0\u1edbng d\u1eabn v\u00e0 demo \u1ee9ng d\u1ee5ng v\u1edbi ch\u1ea5t l\u01b0\u1ee3ng l\u00ean \u0111\u1ebfn 1080p \u1edf 60FPS.<\/li>\n \t<li><b>Livestream \u0111a n\u1ec1n t\u1ea3ng:<\/b> Ph\u00e1t tr\u1ef1c ti\u1ebfp \u0111\u1ed3ng th\u1eddi l\u00ean YouTube, Facebook, Twitch v\u00e0 c\u00e1c n\u1ec1n t\u1ea3ng RTMP kh\u00e1c.<\/li>\n<\/ul>\n<h2>App Live Now \u0111\u01b0\u1ee3c x\u00e2y d\u1ef1ng cho ai<\/h2>\nLive Now \u0111\u01b0\u1ee3c thi\u1ebft k\u1ebf d\u00e0nh cho streamer game mobile, nh\u00e0 s\u00e1ng t\u1ea1o n\u1ed9i dung th\u1ec3 thao, b\u00ecnh lu\u1eadn vi\u00ean, vlogger, gi\u00e1o vi\u00ean v\u00e0 b\u1ea5t k\u1ef3 ai mu\u1ed1n chia s\u1ebb n\u1ed9i dung live stream ch\u1ea5t l\u01b0\u1ee3ng cao.\n<h2>\u0110i\u1ec1u g\u00ec l\u00e0m Live Now kh\u00e1c bi\u1ec7t<\/h2>\n<ul>\n \t<li><b>Livestream t\u1ee9c th\u00ec:<\/b> L\u00ean s\u00f3ng ch\u1ec9 trong v\u00e0i gi\u00e2y, kh\u00f4ng c\u1ea7n thi\u1ebft l\u1eadp ph\u1ee9c t\u1ea1p.<\/li>\n \t<li><b>B\u1ea3ng \u0111i\u1ec3m th\u1ec3 thao:<\/b> T\u00edch h\u1ee3p s\u1eb5n overlay b\u1ea3ng \u0111i\u1ec3m cho b\u00f3ng \u0111\u00e1, b\u00f3ng r\u1ed5, tennis, bida v\u00e0 nhi\u1ec1u m\u00f4n th\u1ec3 thao kh\u00e1c.<\/li>\n \t<li><b>Tu\u1ef3 ch\u1ec9nh cho nh\u00e0 s\u00e1ng t\u1ea1o:<\/b> Th\u00eam facecam, overlay, sticker, logo, GIF, h\u1ed7 tr\u1ee3 nhi\u1ec1u camera v\u00e0 nhi\u1ec1u c\u00f4ng c\u1ee5 kh\u00e1c \u0111\u1ec3 l\u00e0m bu\u1ed5i live c\u1ee7a b\u1ea1n tr\u1edf n\u00ean \u0111\u1ed9c \u0111\u00e1o v\u00e0 mang d\u1ea5u \u1ea5n c\u00e1 nh\u00e2n.<\/li>\n \t<li><b>Multistream:<\/b> Ph\u00e1t tr\u1ef1c ti\u1ebfp c\u00f9ng l\u00fac l\u00ean nhi\u1ec1u n\u1ec1n t\u1ea3ng.<\/li>\n \t<li><b>Kh\u00f4ng c\u1ea7n PC:<\/b> M\u1ecdi th\u1ee9 \u0111\u1ec1u ch\u1ea1y tr\u1ef1c ti\u1ebfp tr\u00ean \u0111i\u1ec7n tho\u1ea1i ho\u1eb7c m\u00e1y t\u00ednh b\u1ea3ng.<\/li>\n<\/ul>\n<h2>C\u00e2u chuy\u1ec7n c\u1ee7a ch\u00fang t\u00f4i<\/h2>\nLive Now b\u1eaft \u0111\u1ea7u t\u1eeb m\u1ed9t \u00fd t\u01b0\u1edfng \u0111\u01a1n gi\u1ea3n: c\u00e1c nh\u00e0 s\u00e1ng t\u1ea1o n\u00ean c\u00f3 th\u1ec3 live stream chuy\u00ean nghi\u1ec7p \u1edf b\u1ea5t k\u1ef3 \u0111\u00e2u ch\u1ec9 v\u1edbi thi\u1ebft b\u1ecb di \u0111\u1ed9ng. T\u1eeb m\u1ed9t c\u00f4ng c\u1ee5 quay m\u00e0n h\u00ecnh g\u1ecdn nh\u1eb9 ban \u0111\u1ea7u, Live Now \u0111\u00e3 ph\u00e1t tri\u1ec3n th\u00e0nh m\u1ed9t \u1ee9ng d\u1ee5ng livestream \u0111a n\u0103ng \u0111\u01b0\u1ee3c c\u00e1c streamer game, nh\u00e0 s\u00e1ng t\u1ea1o n\u1ed9i dung th\u1ec3 thao v\u00e0 c\u1ed9ng \u0111\u1ed3ng s\u00e1ng t\u1ea1o mobile tr\u00ean to\u00e0n th\u1ebf gi\u1edbi tin d\u00f9ng.\n<h2>Li\u00ean h\u1ec7<\/h2>\nN\u1ebfu b\u1ea1n c\u00f3 c\u00e2u h\u1ecfi, ph\u1ea3n h\u1ed3i ho\u1eb7c y\u00eau c\u1ea7u truy\u1ec1n th\u00f4ng, vui l\u00f2ng li\u00ean h\u1ec7 qua email:\n<a href=\"mailto:support@nabiapp.com\"><b>support@nabiapp.com<\/b><\/a>\n<h2>Press &amp; Media<\/h2>\nT\u1ea3i logo:<a href=\"https:\/\/drive.google.com\/file\/d\/1-jdeCNdYEiJZjjm1UICs94l-B7pSII-p\">https:\/\/drive.google.com\/file\/d\/1-jdeCNdYEiJZjjm1UICs94l-B7pSII-p<\/a><\/div>\r\n\t\t\t        <\/div>\r\n\r\n\t\t\t\t<\/div>\n\t\t\t\t<\/div>\n\t\t\t\t\t<\/div>\n\t\t<\/div>\n\t\t\t\t\t\t\t<\/div>\n\t\t<\/section>\n\t\t\t\t\t\t\t<\/div>\n\t\t","protected":false},"excerpt":{"rendered":"<p>Gi\u1edbi thi\u1ec7u Live Now Live Now l\u00e0 \u1ee9ng d\u1ee5ng live stream \u0111a n\u0103ng tr\u00ean thi\u1ebft b\u1ecb di \u0111\u1ed9ng, \u0111\u01b0\u1ee3c x\u00e2y d\u1ef1ng d\u00e0nh cho streamer game, b\u00ecnh lu\u1eadn vi\u00ean th\u1ec3 thao v\u00e0 c\u00e1c nh\u00e0 s\u00e1ng t\u1ea1o n\u1ed9i dung tr\u00ean mobile. V\u1edbi Live Now, b\u1ea1n c\u00f3 th\u1ec3 live stream game di \u0111\u1ed9ng, ph\u00e1t tr\u1ef1c ti\u1ebfp c\u00e1c tr\u1eadn [&hellip;]<\/p>\n","protected":false},"author":1,"featured_media":0,"parent":0,"menu_order":0,"comment_status":"closed","ping_status":"closed","template":"elementor_header_footer","meta":{"footnotes":""},"yoast_head":"<!-- This site is optimized with the Yoast SEO plugin v20.12 - https:\/\/yoast.com\/wordpress\/plugins\/seo\/ -->\n<title>Gi\u1edbi Thi\u1ec7u Live Now \u2013 App Live Stream Game Di \u0110\u1ed9ng, Th\u1ec3 Thao<\/title>\n<meta name=\"description\" content=\"Kh\u00e1m ph\u00e1 Live Now \u2013 app live stream di \u0111\u1ed9ng \u0111a n\u0103ng, d\u1ec5 s\u1eed d\u1ee5ng d\u00e0nh cho game di \u0111\u1ed9ng, th\u1ec3 thao v\u00e0 nhi\u1ec1u n\u1ed9i dung kh\u00e1c.\" \/>\n<meta name=\"robots\" content=\"index, follow, max-snippet:-1, max-image-preview:large, max-video-preview:-1\" \/>\n<link rel=\"canonical\" href=\"https:\/\/livenow.one\/vi\/about\/\" \/>\n<meta property=\"og:locale\" content=\"vi_VN\" \/>\n<meta property=\"og:type\" content=\"article\" \/>\n<meta property=\"og:title\" content=\"Gi\u1edbi Thi\u1ec7u Live Now \u2013 App Live Stream Game Di \u0110\u1ed9ng, Th\u1ec3 Thao\" \/>\n<meta property=\"og:description\" content=\"Kh\u00e1m ph\u00e1 Live Now \u2013 app live stream di \u0111\u1ed9ng \u0111a n\u0103ng, d\u1ec5 s\u1eed d\u1ee5ng d\u00e0nh cho game di \u0111\u1ed9ng, th\u1ec3 thao v\u00e0 nhi\u1ec1u n\u1ed9i dung kh\u00e1c.\" \/>\n<meta property=\"og:url\" content=\"https:\/\/livenow.one\/vi\/about\/\" \/>\n<meta property=\"og:site_name\" content=\"Live Now \u2013 Live Stream for Gameplay &amp; Sports\" \/>\n<meta property=\"article:modified_time\" content=\"2025-12-16T14:28:45+00:00\" \/>\n<meta name=\"twitter:card\" content=\"summary_large_image\" \/>\n<meta name=\"twitter:label1\" content=\"Est. reading time\" \/>\n\t<meta name=\"twitter:data1\" content=\"3 minutes\" \/>\n<script type=\"application\/ld+json\" class=\"yoast-schema-graph\">{\"@context\":\"https:\/\/schema.org\",\"@graph\":[{\"@type\":\"WebPage\",\"@id\":\"https:\/\/livenow.one\/vi\/about\/\",\"url\":\"https:\/\/livenow.one\/vi\/about\/\",\"name\":\"Gi\u1edbi Thi\u1ec7u Live Now \u2013 App Live Stream Game Di \u0110\u1ed9ng, Th\u1ec3 Thao\",\"isPartOf\":{\"@id\":\"https:\/\/livenow.one\/#website\"},\"datePublished\":\"2025-12-16T14:08:10+00:00\",\"dateModified\":\"2025-12-16T14:28:45+00:00\",\"description\":\"Kh\u00e1m ph\u00e1 Live Now \u2013 app live stream di \u0111\u1ed9ng \u0111a n\u0103ng, d\u1ec5 s\u1eed d\u1ee5ng d\u00e0nh cho game di \u0111\u1ed9ng, th\u1ec3 thao v\u00e0 nhi\u1ec1u n\u1ed9i dung kh\u00e1c.\",\"breadcrumb\":{\"@id\":\"https:\/\/livenow.one\/vi\/about\/#breadcrumb\"},\"inLanguage\":\"vi-VN\",\"potentialAction\":[{\"@type\":\"ReadAction\",\"target\":[\"https:\/\/livenow.one\/vi\/about\/\"]}]},{\"@type\":\"BreadcrumbList\",\"@id\":\"https:\/\/livenow.one\/vi\/about\/#breadcrumb\",\"itemListElement\":[{\"@type\":\"ListItem\",\"position\":1,\"name\":\"Home\",\"item\":\"https:\/\/livenow.one\/pt-br\/\"},{\"@type\":\"ListItem\",\"position\":2,\"name\":\"About\"}]},{\"@type\":\"WebSite\",\"@id\":\"https:\/\/livenow.one\/#website\",\"url\":\"https:\/\/livenow.one\/\",\"name\":\"Live Now \u2013 Live Stream for Gameplay &amp; Sports\",\"description\":\"\",\"publisher\":{\"@id\":\"https:\/\/livenow.one\/#organization\"},\"potentialAction\":[{\"@type\":\"SearchAction\",\"target\":{\"@type\":\"EntryPoint\",\"urlTemplate\":\"https:\/\/livenow.one\/?s={search_term_string}\"},\"query-input\":\"required name=search_term_string\"}],\"inLanguage\":\"vi-VN\"},{\"@type\":\"Organization\",\"@id\":\"https:\/\/livenow.one\/#organization\",\"name\":\"Live Now\",\"url\":\"https:\/\/livenow.one\/\",\"logo\":{\"@type\":\"ImageObject\",\"inLanguage\":\"vi-VN\",\"@id\":\"https:\/\/livenow.one\/#\/schema\/logo\/image\/\",\"url\":\"https:\/\/livenow.one\/wp-content\/uploads\/2021\/03\/cropped-Live-Now-png-1.png\",\"contentUrl\":\"https:\/\/livenow.one\/wp-content\/uploads\/2021\/03\/cropped-Live-Now-png-1.png\",\"width\":512,\"height\":512,\"caption\":\"Live Now\"},\"image\":{\"@id\":\"https:\/\/livenow.one\/#\/schema\/logo\/image\/\"}}]}<\/script>\n<!-- \/ Yoast SEO plugin. -->","yoast_head_json":{"title":"Gi\u1edbi Thi\u1ec7u Live Now \u2013 App Live Stream Game Di \u0110\u1ed9ng, Th\u1ec3 Thao","description":"Kh\u00e1m ph\u00e1 Live Now \u2013 app live stream di \u0111\u1ed9ng \u0111a n\u0103ng, d\u1ec5 s\u1eed d\u1ee5ng d\u00e0nh cho game di \u0111\u1ed9ng, th\u1ec3 thao v\u00e0 nhi\u1ec1u n\u1ed9i dung kh\u00e1c.","robots":{"index":"index","follow":"follow","max-snippet":"max-snippet:-1","max-image-preview":"max-image-preview:large","max-video-preview":"max-video-preview:-1"},"canonical":"https:\/\/livenow.one\/vi\/about\/","og_locale":"vi_VN","og_type":"article","og_title":"Gi\u1edbi Thi\u1ec7u Live Now \u2013 App Live Stream Game Di \u0110\u1ed9ng, Th\u1ec3 Thao","og_description":"Kh\u00e1m ph\u00e1 Live Now \u2013 app live stream di \u0111\u1ed9ng \u0111a n\u0103ng, d\u1ec5 s\u1eed d\u1ee5ng d\u00e0nh cho game di \u0111\u1ed9ng, th\u1ec3 thao v\u00e0 nhi\u1ec1u n\u1ed9i dung kh\u00e1c.","og_url":"https:\/\/livenow.one\/vi\/about\/","og_site_name":"Live Now \u2013 Live Stream for Gameplay &amp; Sports","article_modified_time":"2025-12-16T14:28:45+00:00","twitter_card":"summary_large_image","twitter_misc":{"Est. reading time":"3 minutes"},"schema":{"@context":"https:\/\/schema.org","@graph":[{"@type":"WebPage","@id":"https:\/\/livenow.one\/vi\/about\/","url":"https:\/\/livenow.one\/vi\/about\/","name":"Gi\u1edbi Thi\u1ec7u Live Now \u2013 App Live Stream Game Di \u0110\u1ed9ng, Th\u1ec3 Thao","isPartOf":{"@id":"https:\/\/livenow.one\/#website"},"datePublished":"2025-12-16T14:08:10+00:00","dateModified":"2025-12-16T14:28:45+00:00","description":"Kh\u00e1m ph\u00e1 Live Now \u2013 app live stream di \u0111\u1ed9ng \u0111a n\u0103ng, d\u1ec5 s\u1eed d\u1ee5ng d\u00e0nh cho game di \u0111\u1ed9ng, th\u1ec3 thao v\u00e0 nhi\u1ec1u n\u1ed9i dung kh\u00e1c.","breadcrumb":{"@id":"https:\/\/livenow.one\/vi\/about\/#breadcrumb"},"inLanguage":"vi-VN","potentialAction":[{"@type":"ReadAction","target":["https:\/\/livenow.one\/vi\/about\/"]}]},{"@type":"BreadcrumbList","@id":"https:\/\/livenow.one\/vi\/about\/#breadcrumb","itemListElement":[{"@type":"ListItem","position":1,"name":"Home","item":"https:\/\/livenow.one\/pt-br\/"},{"@type":"ListItem","position":2,"name":"About"}]},{"@type":"WebSite","@id":"https:\/\/livenow.one\/#website","url":"https:\/\/livenow.one\/","name":"Live Now \u2013 Live Stream for Gameplay &amp; Sports","description":"","publisher":{"@id":"https:\/\/livenow.one\/#organization"},"potentialAction":[{"@type":"SearchAction","target":{"@type":"EntryPoint","urlTemplate":"https:\/\/livenow.one\/?s={search_term_string}"},"query-input":"required name=search_term_string"}],"inLanguage":"vi-VN"},{"@type":"Organization","@id":"https:\/\/livenow.one\/#organization","name":"Live Now","url":"https:\/\/livenow.one\/","logo":{"@type":"ImageObject","inLanguage":"vi-VN","@id":"https:\/\/livenow.one\/#\/schema\/logo\/image\/","url":"https:\/\/livenow.one\/wp-content\/uploads\/2021\/03\/cropped-Live-Now-png-1.png","contentUrl":"https:\/\/livenow.one\/wp-content\/uploads\/2021\/03\/cropped-Live-Now-png-1.png","width":512,"height":512,"caption":"Live Now"},"image":{"@id":"https:\/\/livenow.one\/#\/schema\/logo\/image\/"}}]}},"_links":{"self":[{"href":"https:\/\/livenow.one\/vi\/wp-json\/wp\/v2\/pages\/9382"}],"collection":[{"href":"https:\/\/livenow.one\/vi\/wp-json\/wp\/v2\/pages"}],"about":[{"href":"https:\/\/livenow.one\/vi\/wp-json\/wp\/v2\/types\/page"}],"author":[{"embeddable":true,"href":"https:\/\/livenow.one\/vi\/wp-json\/wp\/v2\/users\/1"}],"replies":[{"embeddable":true,"href":"https:\/\/livenow.one\/vi\/wp-json\/wp\/v2\/comments?post=9382"}],"version-history":[{"count":3,"href":"https:\/\/livenow.one\/vi\/wp-json\/wp\/v2\/pages\/9382\/revisions"}],"predecessor-version":[{"id":9398,"href":"https:\/\/livenow.one\/vi\/wp-json\/wp\/v2\/pages\/9382\/revisions\/9398"}],"wp:attachment":[{"href":"https:\/\/livenow.one\/vi\/wp-json\/wp\/v2\/media?parent=9382"}],"curies":[{"name":"wp","href":"https:\/\/api.w.org\/{rel}","templated":true}]}}