{"id":9620,"date":"2020-10-09T05:45:59","date_gmt":"2020-10-09T05:45:59","guid":{"rendered":"https:\/\/livenow.one\/contact\/"},"modified":"2025-12-19T13:34:27","modified_gmt":"2025-12-19T13:34:27","slug":"contact","status":"publish","type":"page","link":"https:\/\/livenow.one\/pt-br\/contact\/","title":{"rendered":"Contact"},"content":{"rendered":"\t\t<div data-elementor-type=\"wp-page\" data-elementor-id=\"9620\" class=\"elementor elementor-9620\">\n\t\t\t\t\t\t\t\t\t<section class=\"elementor-section elementor-top-section elementor-element elementor-element-154ba2a elementor-section-boxed elementor-section-height-default elementor-section-height-default\" data-id=\"154ba2a\" data-element_type=\"section\">\n\t\t\t\t\t\t<div class=\"elementor-container elementor-column-gap-default\">\n\t\t\t\t\t<div class=\"elementor-column elementor-col-100 elementor-top-column elementor-element elementor-element-babc9cc\" data-id=\"babc9cc\" data-element_type=\"column\">\n\t\t\t<div class=\"elementor-widget-wrap elementor-element-populated\">\n\t\t\t\t\t\t\t\t<section class=\"elementor-section elementor-inner-section elementor-element elementor-element-3a31d52 elementor-section-boxed elementor-section-height-default elementor-section-height-default\" data-id=\"3a31d52\" data-element_type=\"section\">\n\t\t\t\t\t\t<div class=\"elementor-container elementor-column-gap-default\">\n\t\t\t\t\t<div class=\"elementor-column elementor-col-33 elementor-inner-column elementor-element elementor-element-80024a0\" data-id=\"80024a0\" data-element_type=\"column\">\n\t\t\t<div class=\"elementor-widget-wrap elementor-element-populated\">\n\t\t\t\t\t\t\t\t<div class=\"elementor-element elementor-element-47a86b7 elementor-widget elementor-widget-tt-icon-box\" data-id=\"47a86b7\" data-element_type=\"widget\" data-widget_type=\"tt-icon-box.default\">\n\t\t\t\t<div class=\"elementor-widget-container\">\n\t\t\t<div class=\"tt-icon-box style-seven with-image \">\r\n                        <div class=\"icon-container\">\r\n                                    <i aria-hidden=\"true\" class=\"far fa-envelope\"><\/i>                            <\/div>\r\n\t\t\r\n    \r\n        <!-- \/.icon-container -->\r\n\r\n    <div class=\"box-content\">\r\n                    <h4 class=\"box-title\">\r\n                    \r\n                    Fale Conosco por E-mail                  \r\n            <\/h4>\r\n                \r\n                    <p class=\"description\">\r\n                Inicie uma conversa com nossa equipe de suporte por e-mail.\nsupport@nabiapp.com            <\/p>\r\n            <\/div>\r\n\r\n<\/div>\r\n<!-- \/.dt-icon-box -->\t\t<\/div>\n\t\t\t\t<\/div>\n\t\t\t\t\t<\/div>\n\t\t<\/div>\n\t\t\t\t<div class=\"elementor-column elementor-col-33 elementor-inner-column elementor-element elementor-element-8efdb47\" data-id=\"8efdb47\" data-element_type=\"column\">\n\t\t\t<div class=\"elementor-widget-wrap elementor-element-populated\">\n\t\t\t\t\t\t\t\t<div class=\"elementor-element elementor-element-901bc13 elementor-widget elementor-widget-tt-icon-box\" data-id=\"901bc13\" data-element_type=\"widget\" data-widget_type=\"tt-icon-box.default\">\n\t\t\t\t<div class=\"elementor-widget-container\">\n\t\t\t<div class=\"tt-icon-box style-seven with-image \">\r\n                        <div class=\"icon-container\">\r\n                                    <i aria-hidden=\"true\" class=\"fas fa-headset\"><\/i>                            <\/div>\r\n\t\t\r\n    \r\n        <!-- \/.icon-container -->\r\n\r\n    <div class=\"box-content\">\r\n                    <h4 class=\"box-title\">\r\n                    \r\n                    Atendimento 24\/7                  \r\n            <\/h4>\r\n                \r\n                    <p class=\"description\">\r\n                Nosso objetivo \u00e9 responder a todas as solicita\u00e7\u00f5es dentro de 24 horas em dias \u00fateis.            <\/p>\r\n            <\/div>\r\n\r\n<\/div>\r\n<!-- \/.dt-icon-box -->\t\t<\/div>\n\t\t\t\t<\/div>\n\t\t\t\t\t<\/div>\n\t\t<\/div>\n\t\t\t\t<div class=\"elementor-column elementor-col-33 elementor-inner-column elementor-element elementor-element-e10530b\" data-id=\"e10530b\" data-element_type=\"column\">\n\t\t\t<div class=\"elementor-widget-wrap elementor-element-populated\">\n\t\t\t\t\t\t\t\t<div class=\"elementor-element elementor-element-2e33f46 elementor-widget elementor-widget-tt-icon-box\" data-id=\"2e33f46\" data-element_type=\"widget\" data-widget_type=\"tt-icon-box.default\">\n\t\t\t\t<div class=\"elementor-widget-container\">\n\t\t\t<div class=\"tt-icon-box style-seven with-image \">\r\n                        <div class=\"icon-container\">\r\n                                    <i aria-hidden=\"true\" class=\"fas fa-map-marker-alt\"><\/i>                            <\/div>\r\n\t\t\r\n    \r\n        <!-- \/.icon-container -->\r\n\r\n    <div class=\"box-content\">\r\n                    <h4 class=\"box-title\">\r\n                    \r\n                    Visite-nos                  \r\n            <\/h4>\r\n                \r\n                    <p class=\"description\">\r\n                90 Nguyen Dinh Chieu St., Da Kao Ward, Dist. 1, HCMC, Viet Nam            <\/p>\r\n            <\/div>\r\n\r\n<\/div>\r\n<!-- \/.dt-icon-box -->\t\t<\/div>\n\t\t\t\t<\/div>\n\t\t\t\t\t<\/div>\n\t\t<\/div>\n\t\t\t\t\t\t\t<\/div>\n\t\t<\/section>\n\t\t\t\t\t<\/div>\n\t\t<\/div>\n\t\t\t\t\t\t\t<\/div>\n\t\t<\/section>\n\t\t\t\t<section class=\"elementor-section elementor-top-section elementor-element elementor-element-f38f140 elementor-section-content-middle elementor-section-boxed elementor-section-height-default elementor-section-height-default\" data-id=\"f38f140\" data-element_type=\"section\">\n\t\t\t\t\t\t<div class=\"elementor-container elementor-column-gap-default\">\n\t\t\t\t\t<div class=\"elementor-column elementor-col-100 elementor-top-column elementor-element elementor-element-2e65fa0\" data-id=\"2e65fa0\" data-element_type=\"column\">\n\t\t\t<div class=\"elementor-widget-wrap elementor-element-populated\">\n\t\t\t\t\t\t\t\t<div class=\"elementor-element elementor-element-8e3c9d3 elementor-widget elementor-widget-apdash-heading\" data-id=\"8e3c9d3\" data-element_type=\"widget\" data-widget_type=\"apdash-heading.default\">\n\t\t\t\t<div class=\"elementor-widget-container\">\n\t\t\t\r\n        <div class=\"section-heading\">\r\n\r\n\t\t\t                <h2 class=\"section-title wow fadeInUp\" data-wow-delay=\"0.3s\"><span style=\"font-family: var( --e-global-typography-primary-font-family ), Sans-serif; font-size: 39px; font-weight: var( --e-global-typography-primary-font-weight );\">Entre em Contato Conosco<\/span><\/h2>\r\n\t\t\t\r\n\t\t\t                <div class=\"description wow fadeInUp\" data-wow-delay=\"0.5s\">Envie-nos um e-mail ou visite-nos a qualquer momento. Nosso objetivo \u00e9 responder a todas as solicita\u00e7\u00f5es dentro de 24 horas em dias \u00fateis.<\/div>\r\n\t\t\t        <\/div>\r\n\r\n\t\t\t\t<\/div>\n\t\t\t\t<\/div>\n\t\t\t\t<div class=\"elementor-element elementor-element-0db4df7 elementor-widget elementor-widget-tt-button\" data-id=\"0db4df7\" data-element_type=\"widget\" data-widget_type=\"tt-button.default\">\n\t\t\t\t<div class=\"elementor-widget-container\">\n\t\t\t        <div class=\"tt-btn-wrapper\">\r\n            <a href=\"#map\" class=\"tt-btn-link tt-btn btn-round btn-md btn-outline\">\r\n\t\t\t\t        <span class=\"tt-btn-content-wrapper\">\r\n\t\t\t\t\t\t<span class=\"tt-btn-text\">Como Chegar<\/span>\r\n\t\t<\/span>\r\n\t\t            <\/a>\r\n        <\/div>\r\n\t\t\t\t<\/div>\n\t\t\t\t<\/div>\n\t\t\t\t<div class=\"elementor-element elementor-element-9b6c914 elementor-widget-divider--view-line elementor-widget elementor-widget-divider\" data-id=\"9b6c914\" data-element_type=\"widget\" data-widget_type=\"divider.default\">\n\t\t\t\t<div class=\"elementor-widget-container\">\n\t\t\t\t\t<div class=\"elementor-divider\">\n\t\t\t<span class=\"elementor-divider-separator\">\n\t\t\t\t\t\t<\/span>\n\t\t<\/div>\n\t\t\t\t<\/div>\n\t\t\t\t<\/div>\n\t\t\t\t<div class=\"elementor-element elementor-element-e84a5de elementor-widget elementor-widget-tt-icon-box\" data-id=\"e84a5de\" data-element_type=\"widget\" data-widget_type=\"tt-icon-box.default\">\n\t\t\t\t<div class=\"elementor-widget-container\">\n\t\t\t<div class=\"tt-icon-box style-six with-image \">\r\n                        <div class=\"icon-container\">\r\n                                    <i aria-hidden=\"true\" class=\"fas fa-location-arrow\"><\/i>                            <\/div>\r\n\t\t\r\n    \r\n        <!-- \/.icon-container -->\r\n\r\n    <div class=\"box-content\">\r\n                    <h4 class=\"box-title\">\r\n                                    Company Location                            <\/h4>\r\n        \r\n                    <p class=\"description\">\r\n                90 Nguyen Dinh Chieu St., Da Kao Ward, Dist. 1, HCMC, Viet Nam            <\/p>\r\n            <\/div>\r\n\r\n<\/div>\r\n<!-- \/.dt-icon-box -->\t\t<\/div>\n\t\t\t\t<\/div>\n\t\t\t\t<div class=\"elementor-element elementor-element-5b255e4 elementor-widget elementor-widget-tt-icon-box\" data-id=\"5b255e4\" data-element_type=\"widget\" data-widget_type=\"tt-icon-box.default\">\n\t\t\t\t<div class=\"elementor-widget-container\">\n\t\t\t<div class=\"tt-icon-box style-six with-image \">\r\n                        <div class=\"icon-container\">\r\n                                    <i aria-hidden=\"true\" class=\"fas fa-envelope\"><\/i>                            <\/div>\r\n\t\t\r\n    \r\n        <!-- \/.icon-container -->\r\n\r\n    <div class=\"box-content\">\r\n                    <h4 class=\"box-title\">\r\n                                     Email Address                            <\/h4>\r\n        \r\n                    <p class=\"description\">\r\n                support@nabiapp.com            <\/p>\r\n            <\/div>\r\n\r\n<\/div>\r\n<!-- \/.dt-icon-box -->\t\t<\/div>\n\t\t\t\t<\/div>\n\t\t\t\t\t<\/div>\n\t\t<\/div>\n\t\t\t\t\t\t\t<\/div>\n\t\t<\/section>\n\t\t\t\t<section class=\"elementor-section elementor-top-section elementor-element elementor-element-6e72aa7 elementor-section-boxed elementor-section-height-default elementor-section-height-default\" data-id=\"6e72aa7\" data-element_type=\"section\">\n\t\t\t\t\t\t<div class=\"elementor-container elementor-column-gap-default\">\n\t\t\t\t\t<div class=\"elementor-column elementor-col-100 elementor-top-column elementor-element elementor-element-c42e4d2\" data-id=\"c42e4d2\" data-element_type=\"column\">\n\t\t\t<div class=\"elementor-widget-wrap elementor-element-populated\">\n\t\t\t\t\t\t\t\t<div class=\"elementor-element elementor-element-ab4ecc0 elementor-widget elementor-widget-google_maps\" data-id=\"ab4ecc0\" data-element_type=\"widget\" data-widget_type=\"google_maps.default\">\n\t\t\t\t<div class=\"elementor-widget-container\">\n\t\t\t\t\t<div class=\"elementor-custom-embed\">\n\t\t\t<iframe frameborder=\"0\" scrolling=\"no\" marginheight=\"0\" marginwidth=\"0\"\n\t\t\t\t\tsrc=\"https:\/\/maps.google.com\/maps?q=90%20Nguy%E1%BB%85n%20%C4%90%C3%ACnh%20Chi%E1%BB%83u%2C%20%C4%90a%20Kao%2C%20Qu%E1%BA%ADn%201%2C%20Th%C3%A0nh%20ph%E1%BB%91%20H%E1%BB%93%20Ch%C3%AD%20Minh%2C%20Vi%E1%BB%87t%20Nam&#038;t=m&#038;z=11&#038;output=embed&#038;iwloc=near\"\n\t\t\t\t\ttitle=\"90 Nguy\u1ec5n \u0110\u00ecnh Chi\u1ec3u, \u0110a Kao, Qu\u1eadn 1, Th\u00e0nh ph\u1ed1 H\u1ed3 Ch\u00ed Minh, Vi\u1ec7t Nam\"\n\t\t\t\t\taria-label=\"90 Nguy\u1ec5n \u0110\u00ecnh Chi\u1ec3u, \u0110a Kao, Qu\u1eadn 1, Th\u00e0nh ph\u1ed1 H\u1ed3 Ch\u00ed Minh, Vi\u1ec7t Nam\"\n\t\t\t><\/iframe>\n\t\t<\/div>\n\t\t\t\t<\/div>\n\t\t\t\t<\/div>\n\t\t\t\t\t<\/div>\n\t\t<\/div>\n\t\t\t\t\t\t\t<\/div>\n\t\t<\/section>\n\t\t\t\t\t\t\t<\/div>\n\t\t","protected":false},"excerpt":{"rendered":"<p>Fale Conosco por E-mail Inicie uma conversa com nossa equipe de suporte por e-mail. support@nabiapp.com Atendimento 24\/7 Nosso objetivo \u00e9 responder a todas as solicita\u00e7\u00f5es dentro de 24 horas em dias \u00fateis. Visite-nos 90 Nguyen Dinh Chieu St., Da Kao Ward, Dist. 1, HCMC, Viet Nam Entre em Contato Conosco Envie-nos um e-mail ou visite-nos [&hellip;]<\/p>\n","protected":false},"author":1,"featured_media":0,"parent":0,"menu_order":0,"comment_status":"closed","ping_status":"closed","template":"elementor_header_footer","meta":{"footnotes":""},"yoast_head":"<!-- This site is optimized with the Yoast SEO plugin v20.12 - https:\/\/yoast.com\/wordpress\/plugins\/seo\/ -->\n<title>Contato com o Suporte do Live Now | Ajuda e Assist\u00eancia T\u00e9cnica<\/title>\n<meta name=\"description\" content=\"Encontrou algum problema ao usar o Live Now? Entre em contato com nossa equipe de suporte para ajuda t\u00e9cnica, d\u00favidas sobre recursos ou assist\u00eancia com a conta.\" \/>\n<meta name=\"robots\" content=\"index, follow, max-snippet:-1, max-image-preview:large, max-video-preview:-1\" \/>\n<link rel=\"canonical\" href=\"https:\/\/livenow.one\/pt-br\/contact\/\" \/>\n<meta property=\"og:locale\" content=\"pt_BR\" \/>\n<meta property=\"og:type\" content=\"article\" \/>\n<meta property=\"og:title\" content=\"Contato com o Suporte do Live Now | Ajuda e Assist\u00eancia T\u00e9cnica\" \/>\n<meta property=\"og:description\" content=\"Encontrou algum problema ao usar o Live Now? Entre em contato com nossa equipe de suporte para ajuda t\u00e9cnica, d\u00favidas sobre recursos ou assist\u00eancia com a conta.\" \/>\n<meta property=\"og:url\" content=\"https:\/\/livenow.one\/pt-br\/contact\/\" \/>\n<meta property=\"og:site_name\" content=\"Live Now \u2013 Live Stream for Gameplay &amp; Sports\" \/>\n<meta property=\"article:modified_time\" content=\"2025-12-19T13:34:27+00:00\" \/>\n<meta name=\"twitter:card\" content=\"summary_large_image\" \/>\n<meta name=\"twitter:label1\" content=\"Est. tempo de leitura\" \/>\n\t<meta name=\"twitter:data1\" content=\"1 minuto\" \/>\n<script type=\"application\/ld+json\" class=\"yoast-schema-graph\">{\"@context\":\"https:\/\/schema.org\",\"@graph\":[{\"@type\":\"WebPage\",\"@id\":\"https:\/\/livenow.one\/pt-br\/contact\/\",\"url\":\"https:\/\/livenow.one\/pt-br\/contact\/\",\"name\":\"Contato com o Suporte do Live Now | Ajuda e Assist\u00eancia T\u00e9cnica\",\"isPartOf\":{\"@id\":\"https:\/\/livenow.one\/#website\"},\"datePublished\":\"2020-10-09T05:45:59+00:00\",\"dateModified\":\"2025-12-19T13:34:27+00:00\",\"description\":\"Encontrou algum problema ao usar o Live Now? Entre em contato com nossa equipe de suporte para ajuda t\u00e9cnica, d\u00favidas sobre recursos ou assist\u00eancia com a conta.\",\"breadcrumb\":{\"@id\":\"https:\/\/livenow.one\/pt-br\/contact\/#breadcrumb\"},\"inLanguage\":\"pt-BR\",\"potentialAction\":[{\"@type\":\"ReadAction\",\"target\":[\"https:\/\/livenow.one\/pt-br\/contact\/\"]}]},{\"@type\":\"BreadcrumbList\",\"@id\":\"https:\/\/livenow.one\/pt-br\/contact\/#breadcrumb\",\"itemListElement\":[{\"@type\":\"ListItem\",\"position\":1,\"name\":\"Home\",\"item\":\"https:\/\/livenow.one\/pt-br\/\"},{\"@type\":\"ListItem\",\"position\":2,\"name\":\"Contact\"}]},{\"@type\":\"WebSite\",\"@id\":\"https:\/\/livenow.one\/#website\",\"url\":\"https:\/\/livenow.one\/\",\"name\":\"Live Now \u2013 Live Stream for Gameplay &amp; Sports\",\"description\":\"\",\"publisher\":{\"@id\":\"https:\/\/livenow.one\/#organization\"},\"potentialAction\":[{\"@type\":\"SearchAction\",\"target\":{\"@type\":\"EntryPoint\",\"urlTemplate\":\"https:\/\/livenow.one\/?s={search_term_string}\"},\"query-input\":\"required name=search_term_string\"}],\"inLanguage\":\"pt-BR\"},{\"@type\":\"Organization\",\"@id\":\"https:\/\/livenow.one\/#organization\",\"name\":\"Live Now\",\"url\":\"https:\/\/livenow.one\/\",\"logo\":{\"@type\":\"ImageObject\",\"inLanguage\":\"pt-BR\",\"@id\":\"https:\/\/livenow.one\/#\/schema\/logo\/image\/\",\"url\":\"https:\/\/livenow.one\/wp-content\/uploads\/2021\/03\/cropped-Live-Now-png-1.png\",\"contentUrl\":\"https:\/\/livenow.one\/wp-content\/uploads\/2021\/03\/cropped-Live-Now-png-1.png\",\"width\":512,\"height\":512,\"caption\":\"Live Now\"},\"image\":{\"@id\":\"https:\/\/livenow.one\/#\/schema\/logo\/image\/\"}}]}<\/script>\n<!-- \/ Yoast SEO plugin. -->","yoast_head_json":{"title":"Contato com o Suporte do Live Now | Ajuda e Assist\u00eancia T\u00e9cnica","description":"Encontrou algum problema ao usar o Live Now? Entre em contato com nossa equipe de suporte para ajuda t\u00e9cnica, d\u00favidas sobre recursos ou assist\u00eancia com a conta.","robots":{"index":"index","follow":"follow","max-snippet":"max-snippet:-1","max-image-preview":"max-image-preview:large","max-video-preview":"max-video-preview:-1"},"canonical":"https:\/\/livenow.one\/pt-br\/contact\/","og_locale":"pt_BR","og_type":"article","og_title":"Contato com o Suporte do Live Now | Ajuda e Assist\u00eancia T\u00e9cnica","og_description":"Encontrou algum problema ao usar o Live Now? Entre em contato com nossa equipe de suporte para ajuda t\u00e9cnica, d\u00favidas sobre recursos ou assist\u00eancia com a conta.","og_url":"https:\/\/livenow.one\/pt-br\/contact\/","og_site_name":"Live Now \u2013 Live Stream for Gameplay &amp; Sports","article_modified_time":"2025-12-19T13:34:27+00:00","twitter_card":"summary_large_image","twitter_misc":{"Est. tempo de leitura":"1 minuto"},"schema":{"@context":"https:\/\/schema.org","@graph":[{"@type":"WebPage","@id":"https:\/\/livenow.one\/pt-br\/contact\/","url":"https:\/\/livenow.one\/pt-br\/contact\/","name":"Contato com o Suporte do Live Now | Ajuda e Assist\u00eancia T\u00e9cnica","isPartOf":{"@id":"https:\/\/livenow.one\/#website"},"datePublished":"2020-10-09T05:45:59+00:00","dateModified":"2025-12-19T13:34:27+00:00","description":"Encontrou algum problema ao usar o Live Now? Entre em contato com nossa equipe de suporte para ajuda t\u00e9cnica, d\u00favidas sobre recursos ou assist\u00eancia com a conta.","breadcrumb":{"@id":"https:\/\/livenow.one\/pt-br\/contact\/#breadcrumb"},"inLanguage":"pt-BR","potentialAction":[{"@type":"ReadAction","target":["https:\/\/livenow.one\/pt-br\/contact\/"]}]},{"@type":"BreadcrumbList","@id":"https:\/\/livenow.one\/pt-br\/contact\/#breadcrumb","itemListElement":[{"@type":"ListItem","position":1,"name":"Home","item":"https:\/\/livenow.one\/pt-br\/"},{"@type":"ListItem","position":2,"name":"Contact"}]},{"@type":"WebSite","@id":"https:\/\/livenow.one\/#website","url":"https:\/\/livenow.one\/","name":"Live Now \u2013 Live Stream for Gameplay &amp; Sports","description":"","publisher":{"@id":"https:\/\/livenow.one\/#organization"},"potentialAction":[{"@type":"SearchAction","target":{"@type":"EntryPoint","urlTemplate":"https:\/\/livenow.one\/?s={search_term_string}"},"query-input":"required name=search_term_string"}],"inLanguage":"pt-BR"},{"@type":"Organization","@id":"https:\/\/livenow.one\/#organization","name":"Live Now","url":"https:\/\/livenow.one\/","logo":{"@type":"ImageObject","inLanguage":"pt-BR","@id":"https:\/\/livenow.one\/#\/schema\/logo\/image\/","url":"https:\/\/livenow.one\/wp-content\/uploads\/2021\/03\/cropped-Live-Now-png-1.png","contentUrl":"https:\/\/livenow.one\/wp-content\/uploads\/2021\/03\/cropped-Live-Now-png-1.png","width":512,"height":512,"caption":"Live Now"},"image":{"@id":"https:\/\/livenow.one\/#\/schema\/logo\/image\/"}}]}},"_links":{"self":[{"href":"https:\/\/livenow.one\/pt-br\/wp-json\/wp\/v2\/pages\/9620"}],"collection":[{"href":"https:\/\/livenow.one\/pt-br\/wp-json\/wp\/v2\/pages"}],"about":[{"href":"https:\/\/livenow.one\/pt-br\/wp-json\/wp\/v2\/types\/page"}],"author":[{"embeddable":true,"href":"https:\/\/livenow.one\/pt-br\/wp-json\/wp\/v2\/users\/1"}],"replies":[{"embeddable":true,"href":"https:\/\/livenow.one\/pt-br\/wp-json\/wp\/v2\/comments?post=9620"}],"version-history":[{"count":3,"href":"https:\/\/livenow.one\/pt-br\/wp-json\/wp\/v2\/pages\/9620\/revisions"}],"predecessor-version":[{"id":9624,"href":"https:\/\/livenow.one\/pt-br\/wp-json\/wp\/v2\/pages\/9620\/revisions\/9624"}],"wp:attachment":[{"href":"https:\/\/livenow.one\/pt-br\/wp-json\/wp\/v2\/media?parent=9620"}],"curies":[{"name":"wp","href":"https:\/\/api.w.org\/{rel}","templated":true}]}}